{"id":20030,"date":"2020-10-14T08:31:36","date_gmt":"2020-10-14T08:31:36","guid":{"rendered":"https:\/\/tochostels.com\/destino\/malaga-2\/"},"modified":"2025-05-14T09:08:24","modified_gmt":"2025-05-14T09:08:24","slug":"malaga","status":"publish","type":"page","link":"https:\/\/tochostels.com\/es\/destino\/malaga\/","title":{"rendered":"Hostel en M\u00e1laga"},"content":{"rendered":"<div class=\"filter-content\"><div class=\"excerpt\"><h2 class=\"p1\"><span class=\"s1\">Una estancia con arte\r\n<\/span><span class=\"s1\">al lado del Museo Picasso<\/span><\/h2>\r\nEn TOCHostel M\u00e1laga podr\u00e1s disfrutar de un hostel que mantiene la l\u00ednea tradicional de la casa andaluza pero que a la vez transforma el concepto con nuevos elementos de dise\u00f1o y elegancia, convirti\u00e9ndola as\u00ed en una estancia moderna y c\u00f3moda.\r\n<span class=\"read-more-dot active\">...<\/span><\/div><a href=\"#\" class=\"read-more-link active\">leer m\u00e1s<\/a><div class=\"more-tag toggle-inline-text\">\r\n\r\nSituado a escasos minutos de la playa de la Malagueta y de los grandes monumentos de la ciudad como el Museo Picasso, La Catedral o la Alcazaba. Equipado con la mejor tecnolog\u00eda cuenta con acceso a las habitaciones mediante tarjeta, recepci\u00f3n 24 horas, c\u00e1maras de seguridad, amplias taquillas, caja fuerte en habitaciones dobles, wifi gratis, bar y cafeter\u00eda, sal\u00f3n principal con biblioteca, billar y \u00a1mucho m\u00e1s!.\r\n\r\n&nbsp;<\/div><a href=\"#\" class=\"read-more-link\">esconder<\/a><\/div>","protected":false},"excerpt":{"rendered":"<p>Una estancia con arte al lado del Museo Picasso En TOCHostel M\u00e1laga podr\u00e1s disfrutar de un hostel que mantiene la l\u00ednea tradicional de la casa andaluza pero que a la vez transforma el concepto con nuevos elementos de dise\u00f1o y elegancia, convirti\u00e9ndola as\u00ed en una estancia moderna y c\u00f3moda. &#8230;leer m\u00e1s Situado a escasos minutos [&hellip;]<\/p>\n","protected":false},"author":3,"featured_media":0,"parent":2,"menu_order":31,"comment_status":"closed","ping_status":"closed","template":"template-destination.php","meta":{"_acf_changed":false,"inline_featured_image":false,"footnotes":""},"class_list":["post-20030","page","type-page","status-publish","hentry"],"acf":[],"yoast_head":"<!-- This site is optimized with the Yoast SEO plugin v27.1.1 - https:\/\/yoast.com\/product\/yoast-seo-wordpress\/ -->\n<title>Hostel en M\u00e1laga - TOC hostel &amp; suites<\/title>\n<meta name=\"description\" content=\"Discover our Hostel in M\u00e1laga Picasso building. TOCHostel M\u00e1laga has private rooms and shared rooms, kitchen, WIFI, lockers and excellent services\" \/>\n<meta name=\"robots\" content=\"index, follow, max-snippet:-1, max-image-preview:large, max-video-preview:-1\" \/>\n<link rel=\"canonical\" href=\"https:\/\/tochostels.com\/es\/destino\/malaga\/\" \/>\n<meta property=\"og:locale\" content=\"es_ES\" \/>\n<meta property=\"og:type\" content=\"article\" \/>\n<meta property=\"og:title\" content=\"Hostel en M\u00e1laga - TOC hostel &amp; suites\" \/>\n<meta property=\"og:description\" content=\"Discover our Hostel in M\u00e1laga Picasso building. TOCHostel M\u00e1laga has private rooms and shared rooms, kitchen, WIFI, lockers and excellent services\" \/>\n<meta property=\"og:url\" content=\"https:\/\/tochostels.com\/es\/destino\/malaga\/\" \/>\n<meta property=\"og:site_name\" content=\"TOC hostel &amp; suites\" \/>\n<meta property=\"article:modified_time\" content=\"2025-05-14T09:08:24+00:00\" \/>\n<meta name=\"twitter:card\" content=\"summary_large_image\" \/>\n<meta name=\"twitter:label1\" content=\"Tiempo de lectura\" \/>\n\t<meta name=\"twitter:data1\" content=\"1 minuto\" \/>\n<script type=\"application\/ld+json\" class=\"yoast-schema-graph\">{\"@context\":\"https:\/\/schema.org\",\"@graph\":[{\"@type\":\"WebPage\",\"@id\":\"https:\/\/tochostels.com\/es\/destino\/malaga\/\",\"url\":\"https:\/\/tochostels.com\/es\/destino\/malaga\/\",\"name\":\"Hostel en M\u00e1laga - TOC hostel &amp; suites\",\"isPartOf\":{\"@id\":\"https:\/\/tochostels.com\/ko\/#website\"},\"datePublished\":\"2020-10-14T08:31:36+00:00\",\"dateModified\":\"2025-05-14T09:08:24+00:00\",\"description\":\"Discover our Hostel in M\u00e1laga Picasso building. TOCHostel M\u00e1laga has private rooms and shared rooms, kitchen, WIFI, lockers and excellent services\",\"breadcrumb\":{\"@id\":\"https:\/\/tochostels.com\/es\/destino\/malaga\/#breadcrumb\"},\"inLanguage\":\"es\",\"potentialAction\":[{\"@type\":\"ReadAction\",\"target\":[\"https:\/\/tochostels.com\/es\/destino\/malaga\/\"]}]},{\"@type\":\"BreadcrumbList\",\"@id\":\"https:\/\/tochostels.com\/es\/destino\/malaga\/#breadcrumb\",\"itemListElement\":[{\"@type\":\"ListItem\",\"position\":1,\"name\":\"Home\",\"item\":\"https:\/\/tochostels.com\/es\/\"},{\"@type\":\"ListItem\",\"position\":2,\"name\":\"Hostels Espa\u00f1a\",\"item\":\"https:\/\/tochostels.com\/es\/destino\/\"},{\"@type\":\"ListItem\",\"position\":3,\"name\":\"Hostel en M\u00e1laga\"}]},{\"@type\":\"WebSite\",\"@id\":\"https:\/\/tochostels.com\/ko\/#website\",\"url\":\"https:\/\/tochostels.com\/ko\/\",\"name\":\"TOC hostel &amp; suites\",\"description\":\"Just another WordPress site\",\"publisher\":{\"@id\":\"https:\/\/tochostels.com\/ko\/#organization\"},\"potentialAction\":[{\"@type\":\"SearchAction\",\"target\":{\"@type\":\"EntryPoint\",\"urlTemplate\":\"https:\/\/tochostels.com\/ko\/?s={search_term_string}\"},\"query-input\":{\"@type\":\"PropertyValueSpecification\",\"valueRequired\":true,\"valueName\":\"search_term_string\"}}],\"inLanguage\":\"es\"},{\"@type\":\"Organization\",\"@id\":\"https:\/\/tochostels.com\/ko\/#organization\",\"name\":\"TOC hostels & suites\",\"url\":\"https:\/\/tochostels.com\/ko\/\",\"logo\":{\"@type\":\"ImageObject\",\"inLanguage\":\"es\",\"@id\":\"https:\/\/tochostels.com\/ko\/#\/schema\/logo\/image\/\",\"url\":\"https:\/\/tochostels.com\/wp-content\/uploads\/2020\/03\/Logo-TOC-hostels-and-suits.jpg\",\"contentUrl\":\"https:\/\/tochostels.com\/wp-content\/uploads\/2020\/03\/Logo-TOC-hostels-and-suits.jpg\",\"width\":1902,\"height\":944,\"caption\":\"TOC hostels & suites\"},\"image\":{\"@id\":\"https:\/\/tochostels.com\/ko\/#\/schema\/logo\/image\/\"}}]}<\/script>\n<!-- \/ Yoast SEO plugin. -->","yoast_head_json":{"title":"Hostel en M\u00e1laga - TOC hostel &amp; suites","description":"Discover our Hostel in M\u00e1laga Picasso building. TOCHostel M\u00e1laga has private rooms and shared rooms, kitchen, WIFI, lockers and excellent services","robots":{"index":"index","follow":"follow","max-snippet":"max-snippet:-1","max-image-preview":"max-image-preview:large","max-video-preview":"max-video-preview:-1"},"canonical":"https:\/\/tochostels.com\/es\/destino\/malaga\/","og_locale":"es_ES","og_type":"article","og_title":"Hostel en M\u00e1laga - TOC hostel &amp; suites","og_description":"Discover our Hostel in M\u00e1laga Picasso building. TOCHostel M\u00e1laga has private rooms and shared rooms, kitchen, WIFI, lockers and excellent services","og_url":"https:\/\/tochostels.com\/es\/destino\/malaga\/","og_site_name":"TOC hostel &amp; suites","article_modified_time":"2025-05-14T09:08:24+00:00","twitter_card":"summary_large_image","twitter_misc":{"Tiempo de lectura":"1 minuto"},"schema":{"@context":"https:\/\/schema.org","@graph":[{"@type":"WebPage","@id":"https:\/\/tochostels.com\/es\/destino\/malaga\/","url":"https:\/\/tochostels.com\/es\/destino\/malaga\/","name":"Hostel en M\u00e1laga - TOC hostel &amp; suites","isPartOf":{"@id":"https:\/\/tochostels.com\/ko\/#website"},"datePublished":"2020-10-14T08:31:36+00:00","dateModified":"2025-05-14T09:08:24+00:00","description":"Discover our Hostel in M\u00e1laga Picasso building. TOCHostel M\u00e1laga has private rooms and shared rooms, kitchen, WIFI, lockers and excellent services","breadcrumb":{"@id":"https:\/\/tochostels.com\/es\/destino\/malaga\/#breadcrumb"},"inLanguage":"es","potentialAction":[{"@type":"ReadAction","target":["https:\/\/tochostels.com\/es\/destino\/malaga\/"]}]},{"@type":"BreadcrumbList","@id":"https:\/\/tochostels.com\/es\/destino\/malaga\/#breadcrumb","itemListElement":[{"@type":"ListItem","position":1,"name":"Home","item":"https:\/\/tochostels.com\/es\/"},{"@type":"ListItem","position":2,"name":"Hostels Espa\u00f1a","item":"https:\/\/tochostels.com\/es\/destino\/"},{"@type":"ListItem","position":3,"name":"Hostel en M\u00e1laga"}]},{"@type":"WebSite","@id":"https:\/\/tochostels.com\/ko\/#website","url":"https:\/\/tochostels.com\/ko\/","name":"TOC hostel &amp; suites","description":"Just another WordPress site","publisher":{"@id":"https:\/\/tochostels.com\/ko\/#organization"},"potentialAction":[{"@type":"SearchAction","target":{"@type":"EntryPoint","urlTemplate":"https:\/\/tochostels.com\/ko\/?s={search_term_string}"},"query-input":{"@type":"PropertyValueSpecification","valueRequired":true,"valueName":"search_term_string"}}],"inLanguage":"es"},{"@type":"Organization","@id":"https:\/\/tochostels.com\/ko\/#organization","name":"TOC hostels & suites","url":"https:\/\/tochostels.com\/ko\/","logo":{"@type":"ImageObject","inLanguage":"es","@id":"https:\/\/tochostels.com\/ko\/#\/schema\/logo\/image\/","url":"https:\/\/tochostels.com\/wp-content\/uploads\/2020\/03\/Logo-TOC-hostels-and-suits.jpg","contentUrl":"https:\/\/tochostels.com\/wp-content\/uploads\/2020\/03\/Logo-TOC-hostels-and-suits.jpg","width":1902,"height":944,"caption":"TOC hostels & suites"},"image":{"@id":"https:\/\/tochostels.com\/ko\/#\/schema\/logo\/image\/"}}]}},"_links":{"self":[{"href":"https:\/\/tochostels.com\/es\/wp-json\/wp\/v2\/pages\/20030","targetHints":{"allow":["GET"]}}],"collection":[{"href":"https:\/\/tochostels.com\/es\/wp-json\/wp\/v2\/pages"}],"about":[{"href":"https:\/\/tochostels.com\/es\/wp-json\/wp\/v2\/types\/page"}],"author":[{"embeddable":true,"href":"https:\/\/tochostels.com\/es\/wp-json\/wp\/v2\/users\/3"}],"replies":[{"embeddable":true,"href":"https:\/\/tochostels.com\/es\/wp-json\/wp\/v2\/comments?post=20030"}],"version-history":[{"count":6,"href":"https:\/\/tochostels.com\/es\/wp-json\/wp\/v2\/pages\/20030\/revisions"}],"predecessor-version":[{"id":69964,"href":"https:\/\/tochostels.com\/es\/wp-json\/wp\/v2\/pages\/20030\/revisions\/69964"}],"up":[{"embeddable":true,"href":"https:\/\/tochostels.com\/es\/wp-json\/wp\/v2\/pages\/2"}],"wp:attachment":[{"href":"https:\/\/tochostels.com\/es\/wp-json\/wp\/v2\/media?parent=20030"}],"curies":[{"name":"wp","href":"https:\/\/api.w.org\/{rel}","templated":true}]}}