{"id":9718,"date":"2019-09-29T21:07:31","date_gmt":"2019-09-29T21:07:31","guid":{"rendered":"https:\/\/tochostels.com\/?page_id=9718"},"modified":"2025-05-14T09:07:19","modified_gmt":"2025-05-14T09:07:19","slug":"granada","status":"publish","type":"page","link":"https:\/\/tochostels.com\/es\/destino\/granada\/","title":{"rendered":"Hostel en Granada"},"content":{"rendered":"<h2>Una estancia con estilo <br class=\"hidden-xs\" \/>andaluz<\/h2>\n<p class=\"p1\"><span class=\"s1\">En TOCHostel Granada te ofrecemos una estancia en un edificio cl\u00e1sico de la ciudad, con una ubicaci\u00f3n inmejorable que permite pasear hasta la Catedral, adentrarse en pocos minutos en el Barrio del Albaic\u00edn y contemplar La Alhambra desde el Mirador de San Nicol\u00e1s.<\/span><span class=\"s1\">\u00a0Podr\u00e1s disfrutar de todas nuestras <\/span><span class=\"s1\">comodidades m\u00e1s actuales,<span class=\"s4\"> como acceso a las habitaciones con tarjeta o tu m\u00f3vil<\/span><span class=\"s5\">,<\/span> recepci\u00f3n 24 horas, caja fuerte en <span class=\"s3\">las habitaciones privadas<\/span><span class=\"s2\">,<\/span> wifi gratis, bar &amp; restaurante, cocina completa para clientes, <span class=\"s2\">\u00a0<\/span>zona com\u00fan y \u00a1mucho m\u00e1s!<\/span><\/p>\n","protected":false},"excerpt":{"rendered":"<p>Una estancia con estilo andaluz En TOCHostel Granada te ofrecemos una estancia en un edificio cl\u00e1sico de la ciudad, con una ubicaci\u00f3n inmejorable que permite pasear hasta la Catedral, adentrarse en pocos minutos en el Barrio del Albaic\u00edn y contemplar La Alhambra desde el Mirador de San Nicol\u00e1s.\u00a0Podr\u00e1s disfrutar de todas nuestras comodidades m\u00e1s actuales, [&hellip;]<\/p>\n","protected":false},"author":3,"featured_media":0,"parent":2,"menu_order":31,"comment_status":"closed","ping_status":"closed","template":"template-destination.php","meta":{"_acf_changed":false,"inline_featured_image":false,"footnotes":""},"class_list":["post-9718","page","type-page","status-publish","hentry"],"acf":[],"yoast_head":"<!-- This site is optimized with the Yoast SEO plugin v27.1.1 - https:\/\/yoast.com\/product\/yoast-seo-wordpress\/ -->\n<title>Hostel en Granada - TOC hostel &amp; suites<\/title>\n<meta name=\"description\" content=\"Descubre nuestro Hostel en el centro de Barcelona. TOCHostel Barcelona tiene habitaciones privadas y habitaciones compartidas, WIFI y excelentes servicios\" \/>\n<meta name=\"robots\" content=\"index, follow, max-snippet:-1, max-image-preview:large, max-video-preview:-1\" \/>\n<link rel=\"canonical\" href=\"https:\/\/tochostels.com\/es\/destino\/granada\/\" \/>\n<meta property=\"og:locale\" content=\"es_ES\" \/>\n<meta property=\"og:type\" content=\"article\" \/>\n<meta property=\"og:title\" content=\"Hostel en Granada - TOC hostel &amp; suites\" \/>\n<meta property=\"og:description\" content=\"Descubre nuestro Hostel en el centro de Barcelona. TOCHostel Barcelona tiene habitaciones privadas y habitaciones compartidas, WIFI y excelentes servicios\" \/>\n<meta property=\"og:url\" content=\"https:\/\/tochostels.com\/es\/destino\/granada\/\" \/>\n<meta property=\"og:site_name\" content=\"TOC hostel &amp; suites\" \/>\n<meta property=\"article:modified_time\" content=\"2025-05-14T09:07:19+00:00\" \/>\n<meta name=\"twitter:card\" content=\"summary_large_image\" \/>\n<meta name=\"twitter:label1\" content=\"Tiempo de lectura\" \/>\n\t<meta name=\"twitter:data1\" content=\"1 minuto\" \/>\n<script type=\"application\/ld+json\" class=\"yoast-schema-graph\">{\"@context\":\"https:\/\/schema.org\",\"@graph\":[{\"@type\":\"WebPage\",\"@id\":\"https:\/\/tochostels.com\/es\/destino\/granada\/\",\"url\":\"https:\/\/tochostels.com\/es\/destino\/granada\/\",\"name\":\"Hostel en Granada - TOC hostel &amp; suites\",\"isPartOf\":{\"@id\":\"https:\/\/tochostels.com\/ko\/#website\"},\"datePublished\":\"2019-09-29T21:07:31+00:00\",\"dateModified\":\"2025-05-14T09:07:19+00:00\",\"description\":\"Descubre nuestro Hostel en el centro de Barcelona. TOCHostel Barcelona tiene habitaciones privadas y habitaciones compartidas, WIFI y excelentes servicios\",\"breadcrumb\":{\"@id\":\"https:\/\/tochostels.com\/es\/destino\/granada\/#breadcrumb\"},\"inLanguage\":\"es\",\"potentialAction\":[{\"@type\":\"ReadAction\",\"target\":[\"https:\/\/tochostels.com\/es\/destino\/granada\/\"]}]},{\"@type\":\"BreadcrumbList\",\"@id\":\"https:\/\/tochostels.com\/es\/destino\/granada\/#breadcrumb\",\"itemListElement\":[{\"@type\":\"ListItem\",\"position\":1,\"name\":\"Home\",\"item\":\"https:\/\/tochostels.com\/es\/\"},{\"@type\":\"ListItem\",\"position\":2,\"name\":\"Hostels Espa\u00f1a\",\"item\":\"https:\/\/tochostels.com\/es\/destino\/\"},{\"@type\":\"ListItem\",\"position\":3,\"name\":\"Hostel en Granada\"}]},{\"@type\":\"WebSite\",\"@id\":\"https:\/\/tochostels.com\/ko\/#website\",\"url\":\"https:\/\/tochostels.com\/ko\/\",\"name\":\"TOC hostel &amp; suites\",\"description\":\"Just another WordPress site\",\"publisher\":{\"@id\":\"https:\/\/tochostels.com\/ko\/#organization\"},\"potentialAction\":[{\"@type\":\"SearchAction\",\"target\":{\"@type\":\"EntryPoint\",\"urlTemplate\":\"https:\/\/tochostels.com\/ko\/?s={search_term_string}\"},\"query-input\":{\"@type\":\"PropertyValueSpecification\",\"valueRequired\":true,\"valueName\":\"search_term_string\"}}],\"inLanguage\":\"es\"},{\"@type\":\"Organization\",\"@id\":\"https:\/\/tochostels.com\/ko\/#organization\",\"name\":\"TOC hostels & suites\",\"url\":\"https:\/\/tochostels.com\/ko\/\",\"logo\":{\"@type\":\"ImageObject\",\"inLanguage\":\"es\",\"@id\":\"https:\/\/tochostels.com\/ko\/#\/schema\/logo\/image\/\",\"url\":\"https:\/\/tochostels.com\/wp-content\/uploads\/2020\/03\/Logo-TOC-hostels-and-suits.jpg\",\"contentUrl\":\"https:\/\/tochostels.com\/wp-content\/uploads\/2020\/03\/Logo-TOC-hostels-and-suits.jpg\",\"width\":1902,\"height\":944,\"caption\":\"TOC hostels & suites\"},\"image\":{\"@id\":\"https:\/\/tochostels.com\/ko\/#\/schema\/logo\/image\/\"}}]}<\/script>\n<!-- \/ Yoast SEO plugin. -->","yoast_head_json":{"title":"Hostel en Granada - TOC hostel &amp; suites","description":"Descubre nuestro Hostel en el centro de Barcelona. TOCHostel Barcelona tiene habitaciones privadas y habitaciones compartidas, WIFI y excelentes servicios","robots":{"index":"index","follow":"follow","max-snippet":"max-snippet:-1","max-image-preview":"max-image-preview:large","max-video-preview":"max-video-preview:-1"},"canonical":"https:\/\/tochostels.com\/es\/destino\/granada\/","og_locale":"es_ES","og_type":"article","og_title":"Hostel en Granada - TOC hostel &amp; suites","og_description":"Descubre nuestro Hostel en el centro de Barcelona. TOCHostel Barcelona tiene habitaciones privadas y habitaciones compartidas, WIFI y excelentes servicios","og_url":"https:\/\/tochostels.com\/es\/destino\/granada\/","og_site_name":"TOC hostel &amp; suites","article_modified_time":"2025-05-14T09:07:19+00:00","twitter_card":"summary_large_image","twitter_misc":{"Tiempo de lectura":"1 minuto"},"schema":{"@context":"https:\/\/schema.org","@graph":[{"@type":"WebPage","@id":"https:\/\/tochostels.com\/es\/destino\/granada\/","url":"https:\/\/tochostels.com\/es\/destino\/granada\/","name":"Hostel en Granada - TOC hostel &amp; suites","isPartOf":{"@id":"https:\/\/tochostels.com\/ko\/#website"},"datePublished":"2019-09-29T21:07:31+00:00","dateModified":"2025-05-14T09:07:19+00:00","description":"Descubre nuestro Hostel en el centro de Barcelona. TOCHostel Barcelona tiene habitaciones privadas y habitaciones compartidas, WIFI y excelentes servicios","breadcrumb":{"@id":"https:\/\/tochostels.com\/es\/destino\/granada\/#breadcrumb"},"inLanguage":"es","potentialAction":[{"@type":"ReadAction","target":["https:\/\/tochostels.com\/es\/destino\/granada\/"]}]},{"@type":"BreadcrumbList","@id":"https:\/\/tochostels.com\/es\/destino\/granada\/#breadcrumb","itemListElement":[{"@type":"ListItem","position":1,"name":"Home","item":"https:\/\/tochostels.com\/es\/"},{"@type":"ListItem","position":2,"name":"Hostels Espa\u00f1a","item":"https:\/\/tochostels.com\/es\/destino\/"},{"@type":"ListItem","position":3,"name":"Hostel en Granada"}]},{"@type":"WebSite","@id":"https:\/\/tochostels.com\/ko\/#website","url":"https:\/\/tochostels.com\/ko\/","name":"TOC hostel &amp; suites","description":"Just another WordPress site","publisher":{"@id":"https:\/\/tochostels.com\/ko\/#organization"},"potentialAction":[{"@type":"SearchAction","target":{"@type":"EntryPoint","urlTemplate":"https:\/\/tochostels.com\/ko\/?s={search_term_string}"},"query-input":{"@type":"PropertyValueSpecification","valueRequired":true,"valueName":"search_term_string"}}],"inLanguage":"es"},{"@type":"Organization","@id":"https:\/\/tochostels.com\/ko\/#organization","name":"TOC hostels & suites","url":"https:\/\/tochostels.com\/ko\/","logo":{"@type":"ImageObject","inLanguage":"es","@id":"https:\/\/tochostels.com\/ko\/#\/schema\/logo\/image\/","url":"https:\/\/tochostels.com\/wp-content\/uploads\/2020\/03\/Logo-TOC-hostels-and-suits.jpg","contentUrl":"https:\/\/tochostels.com\/wp-content\/uploads\/2020\/03\/Logo-TOC-hostels-and-suits.jpg","width":1902,"height":944,"caption":"TOC hostels & suites"},"image":{"@id":"https:\/\/tochostels.com\/ko\/#\/schema\/logo\/image\/"}}]}},"_links":{"self":[{"href":"https:\/\/tochostels.com\/es\/wp-json\/wp\/v2\/pages\/9718","targetHints":{"allow":["GET"]}}],"collection":[{"href":"https:\/\/tochostels.com\/es\/wp-json\/wp\/v2\/pages"}],"about":[{"href":"https:\/\/tochostels.com\/es\/wp-json\/wp\/v2\/types\/page"}],"author":[{"embeddable":true,"href":"https:\/\/tochostels.com\/es\/wp-json\/wp\/v2\/users\/3"}],"replies":[{"embeddable":true,"href":"https:\/\/tochostels.com\/es\/wp-json\/wp\/v2\/comments?post=9718"}],"version-history":[{"count":21,"href":"https:\/\/tochostels.com\/es\/wp-json\/wp\/v2\/pages\/9718\/revisions"}],"predecessor-version":[{"id":69962,"href":"https:\/\/tochostels.com\/es\/wp-json\/wp\/v2\/pages\/9718\/revisions\/69962"}],"up":[{"embeddable":true,"href":"https:\/\/tochostels.com\/es\/wp-json\/wp\/v2\/pages\/2"}],"wp:attachment":[{"href":"https:\/\/tochostels.com\/es\/wp-json\/wp\/v2\/media?parent=9718"}],"curies":[{"name":"wp","href":"https:\/\/api.w.org\/{rel}","templated":true}]}}